{"id":300,"date":"2025-11-17T20:26:40","date_gmt":"2025-11-17T20:26:40","guid":{"rendered":"https:\/\/pets-style.pet\/?post_type=product&#038;p=300"},"modified":"2025-12-10T00:13:38","modified_gmt":"2025-12-10T00:13:38","slug":"correa-retractil-gris","status":"publish","type":"product","link":"https:\/\/pets-style.pet\/index.php\/producto\/correa-retractil-gris\/","title":{"rendered":"Correa retr\u00e1ctil gris"},"content":{"rendered":"<p data-start=\"236\" data-end=\"472\">Correa retr\u00e1ctil ofrece un dise\u00f1o ergon\u00f3mico, ligero y resistente, ideal para perros de todos los tama\u00f1os y niveles de energ\u00eda.<\/p>\n<h3 data-start=\"474\" data-end=\"510\"><strong data-start=\"478\" data-end=\"510\">Caracter\u00edsticas principales:<\/strong><\/h3>\n<ul data-start=\"511\" data-end=\"1229\">\n<li data-start=\"511\" data-end=\"572\">\n<p data-start=\"513\" data-end=\"572\"><strong data-start=\"513\" data-end=\"523\">Color:<\/strong> Gris moderno, combinable con cualquier estilo.<\/p>\n<\/li>\n<li data-start=\"573\" data-end=\"885\">\n<p data-start=\"575\" data-end=\"598\"><strong data-start=\"575\" data-end=\"598\">Tallas disponibles:<\/strong><\/p>\n<ul data-start=\"601\" data-end=\"885\">\n<li data-start=\"601\" data-end=\"659\">\n<p data-start=\"603\" data-end=\"659\"><strong data-start=\"603\" data-end=\"620\">S \u2013 3 metros:<\/strong> Ideal para perros peque\u00f1os y \u00e1giles. (15kg)<\/p>\n<\/li>\n<li data-start=\"662\" data-end=\"736\">\n<p data-start=\"664\" data-end=\"736\"><strong data-start=\"664\" data-end=\"681\">M \u2013 5 metros:<\/strong> Perfecta para razas medianas que disfrutan explorar (20kg).<\/p>\n<\/li>\n<li data-start=\"739\" data-end=\"801\">\n<p data-start=\"741\" data-end=\"801\"><strong data-start=\"741\" data-end=\"758\">L \u2013 5 metros:<\/strong> Reforzada para perros fuertes y activos. (50kg)<\/p>\n<\/li>\n<li data-start=\"804\" data-end=\"885\">\n<p data-start=\"806\" data-end=\"885\"><strong data-start=\"806\" data-end=\"824\">XL \u2013 8 metros:<\/strong> M\u00e1xima libertad para perros grandes sin perder el control. (50 kg)<\/p>\n<\/li>\n<\/ul>\n<\/li>\n<li data-start=\"886\" data-end=\"971\">\n<p data-start=\"888\" data-end=\"971\"><strong data-start=\"888\" data-end=\"924\">Sistema retr\u00e1ctil suave y seguro<\/strong>, que permite ajustar la longitud f\u00e1cilmente.<\/p>\n<\/li>\n<li data-start=\"972\" data-end=\"1064\">\n<p data-start=\"974\" data-end=\"1064\"><strong data-start=\"974\" data-end=\"1005\">Bot\u00f3n de bloqueo ergon\u00f3mico<\/strong>, dise\u00f1ado para reaccionar r\u00e1pido en cualquier situaci\u00f3n.<\/p>\n<\/li>\n<li data-start=\"1065\" data-end=\"1135\">\n<p data-start=\"1067\" data-end=\"1135\"><strong data-start=\"1067\" data-end=\"1101\">Agarre c\u00f3modo y antideslizante<\/strong>, ideal para paseos prolongados.<\/p>\n<\/li>\n<li data-start=\"1136\" data-end=\"1229\">\n<p data-start=\"1138\" data-end=\"1229\"><strong data-start=\"1138\" data-end=\"1185\">Material durable y resistente al uso diario<\/strong>, pensado para acompa\u00f1arte por mucho tiempo.<\/p>\n<\/li>\n<\/ul>\n<p data-start=\"1231\" data-end=\"1363\">Dale a tu perro la libertad que quiere y a ti la tranquilidad que necesitas. Perfecta para paseos urbanos, parques o zonas abiertas.<\/p>\n","protected":false},"excerpt":{"rendered":"<p>Correa retr\u00e1ctil ofrece un dise\u00f1o ergon\u00f3mico, ligero y resistente, ideal para perros de todos los tama\u00f1os y niveles de energ\u00eda.<\/p>\n<ul>\n<li><strong data-start=\"513\" data-end=\"523\">Color:<\/strong> Gris<\/li>\n<\/ul>\n<ul>\n<li>\n<p data-start=\"575\" data-end=\"598\"><strong data-start=\"575\" data-end=\"598\">Tallas disponibles:<\/strong><\/p>\n<ul data-start=\"601\" data-end=\"885\">\n<li data-start=\"601\" data-end=\"659\">\n<p data-start=\"603\" data-end=\"659\"><strong data-start=\"603\" data-end=\"620\">S \u2013 3 metros:<\/strong> Ideal para perros peque\u00f1os y \u00e1giles. (15kg)<\/p>\n<\/li>\n<li data-start=\"662\" data-end=\"736\">\n<p data-start=\"664\" data-end=\"736\"><strong data-start=\"664\" data-end=\"681\">M \u2013 5 metros:<\/strong> Perfecta para razas medianas que disfrutan explorar (20kg).<\/p>\n<\/li>\n<li data-start=\"739\" data-end=\"801\">\n<p data-start=\"741\" data-end=\"801\"><strong data-start=\"741\" data-end=\"758\">L \u2013 5 metros:<\/strong> Reforzada para perros fuertes y activos. (50kg)<\/p>\n<\/li>\n<li data-start=\"804\" data-end=\"885\">\n<p data-start=\"806\" data-end=\"885\"><strong data-start=\"806\" data-end=\"824\">XL \u2013 8 metros:<\/strong> M\u00e1xima libertad para perros grandes sin perder el control. (50 kg)<\/p>\n<\/li>\n<\/ul>\n<\/li>\n<\/ul>\n<p>Elige el tama\u00f1o ideal:<\/p>\n","protected":false},"featured_media":276,"comment_status":"open","ping_status":"closed","template":"","meta":[],"product_brand":[],"product_cat":[23],"product_tag":[],"class_list":{"0":"post-300","1":"product","2":"type-product","3":"status-publish","4":"has-post-thumbnail","6":"product_cat-accesorios-mascotas","8":"first","9":"instock","10":"shipping-taxable","11":"purchasable","12":"product-type-variable"},"jetpack_sharing_enabled":true,"_links":{"self":[{"href":"https:\/\/pets-style.pet\/index.php\/wp-json\/wp\/v2\/product\/300","targetHints":{"allow":["GET"]}}],"collection":[{"href":"https:\/\/pets-style.pet\/index.php\/wp-json\/wp\/v2\/product"}],"about":[{"href":"https:\/\/pets-style.pet\/index.php\/wp-json\/wp\/v2\/types\/product"}],"replies":[{"embeddable":true,"href":"https:\/\/pets-style.pet\/index.php\/wp-json\/wp\/v2\/comments?post=300"}],"wp:featuredmedia":[{"embeddable":true,"href":"https:\/\/pets-style.pet\/index.php\/wp-json\/wp\/v2\/media\/276"}],"wp:attachment":[{"href":"https:\/\/pets-style.pet\/index.php\/wp-json\/wp\/v2\/media?parent=300"}],"wp:term":[{"taxonomy":"product_brand","embeddable":true,"href":"https:\/\/pets-style.pet\/index.php\/wp-json\/wp\/v2\/product_brand?post=300"},{"taxonomy":"product_cat","embeddable":true,"href":"https:\/\/pets-style.pet\/index.php\/wp-json\/wp\/v2\/product_cat?post=300"},{"taxonomy":"product_tag","embeddable":true,"href":"https:\/\/pets-style.pet\/index.php\/wp-json\/wp\/v2\/product_tag?post=300"}],"curies":[{"name":"wp","href":"https:\/\/api.w.org\/{rel}","templated":true}]}}